{"id":1827,"date":"2025-02-24T02:48:54","date_gmt":"2025-02-24T02:48:54","guid":{"rendered":"https:\/\/www.kunlonghardware.com\/?page_id=1827"},"modified":"2026-01-16T01:35:56","modified_gmt":"2026-01-16T01:35:56","slug":"contact-us","status":"publish","type":"page","link":"https:\/\/www.kunlonghardware.com\/fr\/contact-us\/","title":{"rendered":"Contactez nous"},"content":{"rendered":"<div data-elementor-type=\"wp-page\" data-elementor-id=\"1827\" class=\"elementor elementor-1827\" data-elementor-settings=\"{&quot;element_pack_global_tooltip_width&quot;:{&quot;unit&quot;:&quot;px&quot;,&quot;size&quot;:&quot;&quot;,&quot;sizes&quot;:[]},&quot;element_pack_global_tooltip_width_tablet&quot;:{&quot;unit&quot;:&quot;px&quot;,&quot;size&quot;:&quot;&quot;,&quot;sizes&quot;:[]},&quot;element_pack_global_tooltip_width_mobile&quot;:{&quot;unit&quot;:&quot;px&quot;,&quot;size&quot;:&quot;&quot;,&quot;sizes&quot;:[]},&quot;element_pack_global_tooltip_padding&quot;:{&quot;unit&quot;:&quot;px&quot;,&quot;top&quot;:&quot;&quot;,&quot;right&quot;:&quot;&quot;,&quot;bottom&quot;:&quot;&quot;,&quot;left&quot;:&quot;&quot;,&quot;isLinked&quot;:true},&quot;element_pack_global_tooltip_padding_tablet&quot;:{&quot;unit&quot;:&quot;px&quot;,&quot;top&quot;:&quot;&quot;,&quot;right&quot;:&quot;&quot;,&quot;bottom&quot;:&quot;&quot;,&quot;left&quot;:&quot;&quot;,&quot;isLinked&quot;:true},&quot;element_pack_global_tooltip_padding_mobile&quot;:{&quot;unit&quot;:&quot;px&quot;,&quot;top&quot;:&quot;&quot;,&quot;right&quot;:&quot;&quot;,&quot;bottom&quot;:&quot;&quot;,&quot;left&quot;:&quot;&quot;,&quot;isLinked&quot;:true},&quot;element_pack_global_tooltip_border_radius&quot;:{&quot;unit&quot;:&quot;px&quot;,&quot;top&quot;:&quot;&quot;,&quot;right&quot;:&quot;&quot;,&quot;bottom&quot;:&quot;&quot;,&quot;left&quot;:&quot;&quot;,&quot;isLinked&quot;:true},&quot;element_pack_global_tooltip_border_radius_tablet&quot;:{&quot;unit&quot;:&quot;px&quot;,&quot;top&quot;:&quot;&quot;,&quot;right&quot;:&quot;&quot;,&quot;bottom&quot;:&quot;&quot;,&quot;left&quot;:&quot;&quot;,&quot;isLinked&quot;:true},&quot;element_pack_global_tooltip_border_radius_mobile&quot;:{&quot;unit&quot;:&quot;px&quot;,&quot;top&quot;:&quot;&quot;,&quot;right&quot;:&quot;&quot;,&quot;bottom&quot;:&quot;&quot;,&quot;left&quot;:&quot;&quot;,&quot;isLinked&quot;:true}}\" data-elementor-post-type=\"page\">\n\t\t\t\t<div class=\"elementor-element elementor-element-0870624 e-flex e-con-boxed e-con e-parent\" data-id=\"0870624\" data-element_type=\"container\" data-settings=\"{&quot;background_background&quot;:&quot;classic&quot;}\">\n\t\t\t\t\t<div class=\"e-con-inner\">\n\t\t\t\t<div class=\"elementor-element elementor-element-69d6911 elementor-widget elementor-widget-heading\" data-id=\"69d6911\" data-element_type=\"widget\" data-widget_type=\"heading.default\">\n\t\t\t\t<div class=\"elementor-widget-container\">\n\t\t\t\t\t<h1 class=\"elementor-heading-title elementor-size-default\">Contactez nous<\/h1>\t\t\t\t<\/div>\n\t\t\t\t<\/div>\n\t\t\t\t<div class=\"elementor-element elementor-element-f93f912 elementor-widget elementor-widget-pp-breadcrumbs\" data-id=\"f93f912\" data-element_type=\"widget\" data-settings=\"{&quot;breadcrumbs_type&quot;:&quot;powerpack&quot;}\" data-widget_type=\"pp-breadcrumbs.default\">\n\t\t\t\t<div class=\"elementor-widget-container\">\n\t\t\t\t\t<ul class=\"pp-breadcrumbs pp-breadcrumbs-powerpack\">\t\t<li class=\"pp-breadcrumbs-item pp-breadcrumbs-item-home\">\n\t\t\t<a class=\"pp-breadcrumbs-crumb pp-breadcrumbs-crumb-link pp-breadcrumbs-crumb-home\" href=\"https:\/\/www.kunlonghardware.com\/fr\" title=\"Accueil\">\n\t\t\t\t<span class=\"pp-breadcrumbs-text\">\n\t\t\t\t\t\t\t\t\t\t\t<span class=\"pp-icon\">\n\t\t\t\t\t\t\t<i aria-hidden=\"true\" class=\"fas fa-home\"><\/i>\t\t\t\t\t\t<\/span>\n\t\t\t\t\t\t\t\t\t\tAccueil\t\t\t\t<\/span>\n\t\t\t<\/a>\n\t\t<\/li>\n\t\t<li class=\"pp-breadcrumbs-separator\">\t\t\t\t<span class='pp-separator-icon pp-icon'>\n\t\t\t\t\t<i aria-hidden=\"true\" class=\"fas fa-angle-right\"><\/i>\t\t\t\t<\/span>\n\t\t\t\t<\/li><\/ul>\t\t\t\t<\/div>\n\t\t\t\t<\/div>\n\t\t\t\t\t<\/div>\n\t\t\t\t<\/div>\n\t\t<div class=\"elementor-element elementor-element-aa2f8d0 e-flex e-con-boxed e-con e-parent\" data-id=\"aa2f8d0\" data-element_type=\"container\">\n\t\t\t\t\t<div class=\"e-con-inner\">\n\t\t<div class=\"elementor-element elementor-element-f5c7a2b e-con-full e-flex e-con e-child\" data-id=\"f5c7a2b\" data-element_type=\"container\" data-settings=\"{&quot;background_background&quot;:&quot;classic&quot;}\">\n\t\t\t\t<div class=\"elementor-element elementor-element-6105af5 elementor-widget elementor-widget-heading\" data-id=\"6105af5\" data-element_type=\"widget\" data-widget_type=\"heading.default\">\n\t\t\t\t<div class=\"elementor-widget-container\">\n\t\t\t\t\t<h2 class=\"elementor-heading-title elementor-size-default\">Besoin d'aide ? Nous sommes l\u00e0 pour vous aider !<\/h2>\t\t\t\t<\/div>\n\t\t\t\t<\/div>\n\t\t\t\t<div class=\"elementor-element elementor-element-103a38c elementor-widget elementor-widget-text-editor\" data-id=\"103a38c\" data-element_type=\"widget\" data-widget_type=\"text-editor.default\">\n\t\t\t\t<div class=\"elementor-widget-container\">\n\t\t\t\t\t\t\t\t\t<div data-page-id=\"HV8Ad72e0oNhz6xuCSoczxC2nTg\" data-lark-html-role=\"root\" data-docx-has-block-data=\"false\"><div class=\"ace-line ace-line old-record-id-Man7dRyfFoEUvyxg04GcomMMngg\">Notre \u00e9quipe d'assistance est pr\u00eate \u00e0 vous aider \u00e0 r\u00e9pondre aux questions suivantes dans les plus brefs d\u00e9lais :<\/div><\/div>\t\t\t\t\t\t\t\t<\/div>\n\t\t\t\t<\/div>\n\t\t\t\t<div class=\"elementor-element elementor-element-be9a425 elementor-icon-list--layout-traditional elementor-list-item-link-full_width elementor-widget elementor-widget-icon-list\" data-id=\"be9a425\" data-element_type=\"widget\" data-widget_type=\"icon-list.default\">\n\t\t\t\t<div class=\"elementor-widget-container\">\n\t\t\t\t\t\t\t<ul class=\"elementor-icon-list-items\">\n\t\t\t\t\t\t\t<li class=\"elementor-icon-list-item\">\n\t\t\t\t\t\t\t\t\t\t\t<span class=\"elementor-icon-list-icon\">\n\t\t\t\t\t\t\t<i aria-hidden=\"true\" class=\"fas fa-dot-circle\"><\/i>\t\t\t\t\t\t<\/span>\n\t\t\t\t\t\t\t\t\t\t<span class=\"elementor-icon-list-text\"><strong> Demandes de renseignements sur les produits et les solutions :<\/strong> Obtenez des informations d\u00e9taill\u00e9es sur les produits de quincaillerie industrielle KUNLONG.<\/span>\n\t\t\t\t\t\t\t\t\t<\/li>\n\t\t\t\t\t\t\t\t<li class=\"elementor-icon-list-item\">\n\t\t\t\t\t\t\t\t\t\t\t<span class=\"elementor-icon-list-icon\">\n\t\t\t\t\t\t\t<i aria-hidden=\"true\" class=\"fas fa-dot-circle\"><\/i>\t\t\t\t\t\t<\/span>\n\t\t\t\t\t\t\t\t\t\t<span class=\"elementor-icon-list-text\"><strong> Support technique et assistance \u00e0 distance : <\/strong> B\u00e9n\u00e9ficier de conseils d'experts pour r\u00e9soudre les probl\u00e8mes d'application.<\/span>\n\t\t\t\t\t\t\t\t\t<\/li>\n\t\t\t\t\t\t\t\t<li class=\"elementor-icon-list-item\">\n\t\t\t\t\t\t\t\t\t\t\t<span class=\"elementor-icon-list-icon\">\n\t\t\t\t\t\t\t<i aria-hidden=\"true\" class=\"fas fa-dot-circle\"><\/i>\t\t\t\t\t\t<\/span>\n\t\t\t\t\t\t\t\t\t\t<span class=\"elementor-icon-list-text\"><strong>  Coop\u00e9ration en mati\u00e8re de services et d'affaires :  <\/strong> D\u00e9couvrez comment KUNLONG peut soutenir votre entreprise avec des solutions sur mesure.<\/span>\n\t\t\t\t\t\t\t\t\t<\/li>\n\t\t\t\t\t\t<\/ul>\n\t\t\t\t\t\t<\/div>\n\t\t\t\t<\/div>\n\t\t\t\t<div class=\"elementor-element elementor-element-43ea697 elementor-widget elementor-widget-text-editor\" data-id=\"43ea697\" data-element_type=\"widget\" data-widget_type=\"text-editor.default\">\n\t\t\t\t<div class=\"elementor-widget-container\">\n\t\t\t\t\t\t\t\t\t<div data-page-id=\"HV8Ad72e0oNhz6xuCSoczxC2nTg\" data-lark-html-role=\"root\" data-docx-has-block-data=\"false\"><div class=\"ace-line ace-line old-record-id-HJCddUjceo4YQyxLG9qcO0QAnse\">Notre engagement : Professionnels, efficaces et r\u00e9actifs, nous vous garantissons la meilleure assistance possible.<\/div><\/div>\t\t\t\t\t\t\t\t<\/div>\n\t\t\t\t<\/div>\n\t\t\t\t<div class=\"elementor-element elementor-element-f623964 elementor-widget-divider--view-line elementor-widget elementor-widget-divider\" data-id=\"f623964\" data-element_type=\"widget\" data-widget_type=\"divider.default\">\n\t\t\t\t<div class=\"elementor-widget-container\">\n\t\t\t\t\t\t\t<div class=\"elementor-divider\">\n\t\t\t<span class=\"elementor-divider-separator\">\n\t\t\t\t\t\t<\/span>\n\t\t<\/div>\n\t\t\t\t\t\t<\/div>\n\t\t\t\t<\/div>\n\t\t<div class=\"elementor-element elementor-element-d23bdca e-con-full elementor-hidden-tablet e-flex e-con e-child\" data-id=\"d23bdca\" data-element_type=\"container\">\n\t\t\t\t<div class=\"elementor-element elementor-element-4c4ccb5 elementor-widget__width-initial elementor-widget-mobile__width-inherit premium-icon-box-center elementor-widget elementor-widget-premium-addon-icon-box\" data-id=\"4c4ccb5\" data-element_type=\"widget\" data-widget_type=\"premium-addon-icon-box.default\">\n\t\t\t\t<div class=\"elementor-widget-container\">\n\t\t\t\t\t\n\t\t\t\t\t<div class=\"premium-icon-box-container-out\">\n\t\t\t\t<div class=\"premium-icon-box-container-in premium-icon-box-flex-top premium-icon-box-flex-ver-top\" >\n\t\t\t<div class=\"premium-icon-box-icon-container\">\n\n\t\t\t\t<div class=\"premium-icon-wrapper\">\n\t\t\t\t\t<i class=\"premium-icon-box-icon none fas fa-mobile-alt\" aria-hidden=\"true\"><\/i>\n\t\t\t\t\t\t\t\t\t\t<\/div>\n\t\t\t\t<\/div>\n\n\t\t\t<div class=\"premium-icon-box-content-wrap premium-icon-box-cta-\">\n\n\t\t\t\t\t\t\t\t\t<div class=\"premium-icon-box-text-wrap\">\n\t\t\t\t\t\n\t\t\t\t\t\t\t<h3 class=\"premium-icon-box-title\">Mob :\t\t\t\t\t\t\t\t\t\t\t\t\t\t<\/h3>\n\t\t\t\t\t\n\t\t\t\t\t\t\t\t\t\t\t<div class=\"premium-icon-box-content\">\n\t\t\t\t\t\t\t<div data-page-id=\"HV8Ad72e0oNhz6xuCSoczxC2nTg\" data-lark-html-role=\"root\" data-docx-has-block-data=\"false\"><div class=\"old-record-id-Z5O4djLHbo1TDixan2ecZI8GnOh\">0086 <span style=\"font-family: -apple-system, BlinkMacSystemFont, 'Segoe UI', Roboto, 'Helvetica Neue', Arial, 'Noto Sans', sans-serif, 'Apple Color Emoji', 'Segoe UI Emoji', 'Segoe UI Symbol', 'Noto Color Emoji';\">18024911062<\/span><\/div><\/div>\t\t\t\t\t\t<\/div>\n\t\t\t\t\t\t\t\t\t\t<\/div>\n\t\t\t\t\n\t\t\t\t\t\t\t<\/div>\n\t\t<\/div>\n\n\t\t\t\t\t<div class=\"premium-icon-box-big premium-icon-box-big-hover\">\n\t\t\t\t<i aria-hidden=\"true\" class=\"premium-icon-box-icon fas fa-mobile-alt\"><\/i>\t\t\t\t\t\t\t<\/div>\n\t\t\t\t\t\t\t\t\t<\/div>\n\t\t\t\t\t\t\t\t<\/div>\n\t\t\t\t<\/div>\n\t\t\t\t<div class=\"elementor-element elementor-element-9387bfe elementor-widget__width-initial elementor-widget-mobile__width-inherit premium-icon-box-center elementor-widget elementor-widget-premium-addon-icon-box\" data-id=\"9387bfe\" data-element_type=\"widget\" data-widget_type=\"premium-addon-icon-box.default\">\n\t\t\t\t<div class=\"elementor-widget-container\">\n\t\t\t\t\t\n\t\t\t\t\t<div class=\"premium-icon-box-container-out\">\n\t\t\t\t<div class=\"premium-icon-box-container-in premium-icon-box-flex-top premium-icon-box-flex-ver-top\" >\n\t\t\t<div class=\"premium-icon-box-icon-container\">\n\n\t\t\t\t<div class=\"premium-icon-wrapper\">\n\t\t\t\t\t<i class=\"premium-icon-box-icon none fas fa-envelope\" aria-hidden=\"true\"><\/i>\n\t\t\t\t\t\t\t\t\t\t<\/div>\n\t\t\t\t<\/div>\n\n\t\t\t<div class=\"premium-icon-box-content-wrap premium-icon-box-cta-\">\n\n\t\t\t\t\t\t\t\t\t<div class=\"premium-icon-box-text-wrap\">\n\t\t\t\t\t\n\t\t\t\t\t\t\t<h3 class=\"premium-icon-box-title\">E-mail :\t\t\t\t\t\t\t\t\t\t\t\t\t\t<\/h3>\n\t\t\t\t\t\n\t\t\t\t\t\t\t\t\t\t\t<div class=\"premium-icon-box-content\">\n\t\t\t\t\t\t\t<div data-page-id=\"HV8Ad72e0oNhz6xuCSoczxC2nTg\" data-lark-html-role=\"root\" data-docx-has-block-data=\"false\"><div class=\"old-record-id-Z5O4djLHbo1TDixan2ecZI8GnOh\"><div data-page-id=\"HV8Ad72e0oNhz6xuCSoczxC2nTg\" data-lark-html-role=\"root\" data-docx-has-block-data=\"false\"><div class=\"old-record-id-J24tdFh3hoeo7zx3R1XcrOcOnHf\"><p class=\"p1\">gordon@kunlong.net<\/p><\/div><\/div><\/div><\/div>\t\t\t\t\t\t<\/div>\n\t\t\t\t\t\t\t\t\t\t<\/div>\n\t\t\t\t\n\t\t\t\t\t\t\t<\/div>\n\t\t<\/div>\n\n\t\t\t\t\t<div class=\"premium-icon-box-big premium-icon-box-big-hover\">\n\t\t\t\t<i aria-hidden=\"true\" class=\"premium-icon-box-icon fas fa-envelope\"><\/i>\t\t\t\t\t\t\t<\/div>\n\t\t\t\t\t\t\t\t\t<\/div>\n\t\t\t\t\t\t\t\t<\/div>\n\t\t\t\t<\/div>\n\t\t\t\t<\/div>\n\t\t<div class=\"elementor-element elementor-element-4212a81 e-con-full elementor-hidden-tablet e-flex e-con e-child\" data-id=\"4212a81\" data-element_type=\"container\">\n\t\t\t\t<div class=\"elementor-element elementor-element-8056319 elementor-widget__width-initial elementor-widget-mobile__width-inherit premium-icon-box-center elementor-widget elementor-widget-premium-addon-icon-box\" data-id=\"8056319\" data-element_type=\"widget\" data-widget_type=\"premium-addon-icon-box.default\">\n\t\t\t\t<div class=\"elementor-widget-container\">\n\t\t\t\t\t\n\t\t\t\t\t<div class=\"premium-icon-box-container-out\">\n\t\t\t\t<div class=\"premium-icon-box-container-in premium-icon-box-flex-top premium-icon-box-flex-ver-top\" >\n\t\t\t<div class=\"premium-icon-box-icon-container\">\n\n\t\t\t\t<div class=\"premium-icon-wrapper\">\n\t\t\t\t\t<i class=\"premium-icon-box-icon none fas fa-map-marker-alt\" aria-hidden=\"true\"><\/i>\n\t\t\t\t\t\t\t\t\t\t<\/div>\n\t\t\t\t<\/div>\n\n\t\t\t<div class=\"premium-icon-box-content-wrap premium-icon-box-cta-\">\n\n\t\t\t\t\t\t\t\t\t<div class=\"premium-icon-box-text-wrap\">\n\t\t\t\t\t\n\t\t\t\t\t\t\t<h3 class=\"premium-icon-box-title\">Adresse : \t\t\t\t\t\t\t\t\t\t\t\t\t\t<\/h3>\n\t\t\t\t\t\n\t\t\t\t\t\t\t\t\t\t\t<div class=\"premium-icon-box-content\">\n\t\t\t\t\t\t\t<div data-page-id=\"HV8Ad72e0oNhz6xuCSoczxC2nTg\" data-lark-html-role=\"root\" data-docx-has-block-data=\"false\"><div class=\"old-record-id-Z5O4djLHbo1TDixan2ecZI8GnOh\">No.1, Shangjian Road, Leping Town, Sanshui District, Foshan 528137, Guangdong Province,China<\/div><\/div>\t\t\t\t\t\t<\/div>\n\t\t\t\t\t\t\t\t\t\t<\/div>\n\t\t\t\t\n\t\t\t\t\t\t\t<\/div>\n\t\t<\/div>\n\n\t\t\t\t\t<div class=\"premium-icon-box-big premium-icon-box-big-hover\">\n\t\t\t\t<i aria-hidden=\"true\" class=\"premium-icon-box-icon fas fa-map-marker-alt\"><\/i>\t\t\t\t\t\t\t<\/div>\n\t\t\t\t\t\t\t\t\t<\/div>\n\t\t\t\t\t\t\t\t<\/div>\n\t\t\t\t<\/div>\n\t\t\t\t<\/div>\n\t\t\t\t<div class=\"elementor-element elementor-element-85901ca elementor-hidden-desktop elementor-hidden-mobile elementor-icon-list--layout-traditional elementor-list-item-link-full_width elementor-widget elementor-widget-icon-list\" data-id=\"85901ca\" data-element_type=\"widget\" data-widget_type=\"icon-list.default\">\n\t\t\t\t<div class=\"elementor-widget-container\">\n\t\t\t\t\t\t\t<ul class=\"elementor-icon-list-items\">\n\t\t\t\t\t\t\t<li class=\"elementor-icon-list-item\">\n\t\t\t\t\t\t\t\t\t\t\t<span class=\"elementor-icon-list-icon\">\n\t\t\t\t\t\t\t<i aria-hidden=\"true\" class=\"fas fa-map-marker-alt\"><\/i>\t\t\t\t\t\t<\/span>\n\t\t\t\t\t\t\t\t\t\t<span class=\"elementor-icon-list-text\"><strong> Adresse : <\/strong>  No. 39, ShiChangRoad, ZhuanYao Industrial District, DongChengDistrict, Dongguan city, GuangDong Province, China<\/span>\n\t\t\t\t\t\t\t\t\t<\/li>\n\t\t\t\t\t\t\t\t<li class=\"elementor-icon-list-item\">\n\t\t\t\t\t\t\t\t\t\t\t<span class=\"elementor-icon-list-icon\">\n\t\t\t\t\t\t\t<i aria-hidden=\"true\" class=\"fas fa-envelope-square\"><\/i>\t\t\t\t\t\t<\/span>\n\t\t\t\t\t\t\t\t\t\t<span class=\"elementor-icon-list-text\"><strong>E-mail :<\/strong> gordon@kunlong.net<\/span>\n\t\t\t\t\t\t\t\t\t<\/li>\n\t\t\t\t\t\t\t\t<li class=\"elementor-icon-list-item\">\n\t\t\t\t\t\t\t\t\t\t\t<span class=\"elementor-icon-list-icon\">\n\t\t\t\t\t\t\t<i aria-hidden=\"true\" class=\"fas fa-mobile-alt\"><\/i>\t\t\t\t\t\t<\/span>\n\t\t\t\t\t\t\t\t\t\t<span class=\"elementor-icon-list-text\"><strong>Mob : <\/strong>0086 0086 18024911062<\/span>\n\t\t\t\t\t\t\t\t\t<\/li>\n\t\t\t\t\t\t<\/ul>\n\t\t\t\t\t\t<\/div>\n\t\t\t\t<\/div>\n\t\t\t\t<\/div>\n\t\t<div class=\"elementor-element elementor-element-a504bc9 e-con-full e-flex e-con e-child\" data-id=\"a504bc9\" data-element_type=\"container\" data-settings=\"{&quot;background_background&quot;:&quot;classic&quot;}\">\n\t\t\t\t<div class=\"elementor-element elementor-element-c3bab4d elementor-widget elementor-widget-bdt-wp-forms\" data-id=\"c3bab4d\" data-element_type=\"widget\" data-widget_type=\"bdt-wp-forms.default\">\n\t\t\t\t<div class=\"elementor-widget-container\">\n\t\t\t\t\t<div class=\"wpforms-container wpforms-container-full wpforms-render-modern\" id=\"wpforms-1886\"><form id=\"wpforms-form-1886\" class=\"wpforms-validate wpforms-form wpforms-ajax-form\" data-formid=\"1886\" method=\"post\" enctype=\"multipart\/form-data\" action=\"\/fr\/wp-json\/wp\/v2\/pages\/1827?wpforms_form_id=1886\" data-token=\"9d240b059242461a6464a05ffe9e923a\" data-token-time=\"1777054892\" data-trp-original-action=\"\/fr\/wp-json\/wp\/v2\/pages\/1827?wpforms_form_id=1886\"><noscript class=\"wpforms-error-noscript\">Veuillez activer JavaScript dans votre navigateur pour remplir ce formulaire.<\/noscript><div class=\"wpforms-hidden\" id=\"wpforms-error-noscript\">Veuillez activer JavaScript dans votre navigateur pour remplir ce formulaire.<\/div><div class=\"wpforms-field-container\"><div id=\"wpforms-1886-field_4-container\" class=\"wpforms-field wpforms-field-layout\" data-field-id=\"4\"><div class=\"wpforms-field-layout-rows wpforms-field-large\"><div class=\"wpforms-layout-row\"><div class=\"wpforms-layout-column wpforms-layout-column-50\"><div id=\"wpforms-1886-field_1-container\" class=\"wpforms-field wpforms-field-name\" data-field-id=\"1\"><label class=\"wpforms-field-label\" for=\"wpforms-1886-field_1\">Nom <span class=\"wpforms-required-label\" aria-hidden=\"true\">*<\/span><\/label><input type=\"text\" id=\"wpforms-1886-field_1\" class=\"wpforms-field-medium wpforms-field-required\" name=\"wpforms[fields][1]\" aria-errormessage=\"wpforms-1886-field_1-error\" required><\/div><\/div><div class=\"wpforms-layout-column wpforms-layout-column-50\"><div id=\"wpforms-1886-field_2-container\" class=\"wpforms-field wpforms-field-email\" data-field-id=\"2\"><label class=\"wpforms-field-label\" for=\"wpforms-1886-field_2\">Courriel <span class=\"wpforms-required-label\" aria-hidden=\"true\">*<\/span><\/label><input type=\"email\" id=\"wpforms-1886-field_2\" class=\"wpforms-field-medium wpforms-field-required\" name=\"wpforms[fields][2]\" spellcheck=\"false\" aria-errormessage=\"wpforms-1886-field_2-error\" required><\/div><\/div><\/div><div class=\"wpforms-layout-row\"><div class=\"wpforms-layout-column wpforms-layout-column-50\"><div id=\"wpforms-1886-field_10-container\" class=\"wpforms-field wpforms-field-name\" data-field-id=\"10\"><label class=\"wpforms-field-label\" for=\"wpforms-1886-field_10\">Nom de l'entreprise<\/label><input type=\"text\" id=\"wpforms-1886-field_10\" class=\"wpforms-field-medium\" name=\"wpforms[fields][10]\" aria-errormessage=\"wpforms-1886-field_10-error\" ><\/div><\/div><div class=\"wpforms-layout-column wpforms-layout-column-50\"><div id=\"wpforms-1886-field_9-container\" class=\"wpforms-field wpforms-field-phone\" data-field-id=\"9\"><label class=\"wpforms-field-label\" for=\"wpforms-1886-field_9\">T\u00e9l\u00e9phone ou Whatsapp <span class=\"wpforms-required-label\" aria-hidden=\"true\">*<\/span><\/label><input type=\"tel\" id=\"wpforms-1886-field_9\" class=\"wpforms-field-medium wpforms-field-required\" data-rule-int-phone-field=\"true\" name=\"wpforms[fields][9]\" aria-label=\"T\u00e9l\u00e9phone ou Whatsapp\" aria-errormessage=\"wpforms-1886-field_9-error\" required><\/div><\/div><\/div><\/div><\/div><div id=\"wpforms-1886-field_7-container\" class=\"wpforms-field wpforms-field-textarea\" data-field-id=\"7\"><label class=\"wpforms-field-label\" for=\"wpforms-1886-field_7\">Message <span class=\"wpforms-required-label\" aria-hidden=\"true\">*<\/span><\/label><textarea id=\"wpforms-1886-field_7\" class=\"wpforms-field-medium wpforms-field-required\" name=\"wpforms[fields][7]\" aria-errormessage=\"wpforms-1886-field_7-error\" required><\/textarea><\/div><div id=\"wpforms-1886-field_8-container\" class=\"wpforms-field wpforms-field-file-upload\" data-field-id=\"8\"><label class=\"wpforms-field-label\" for=\"wpforms-1886-field_8\">T\u00e9l\u00e9chargement de fichiers<\/label><div\n\t\tclass=\"wpforms-uploader\"\n\t\tdata-field-id=\"8\"\n\t\tdata-form-id=\"1886\"\n\t\tdata-input-name=\"wpforms_1886_8\"\n\t\tdata-extensions=\"jpg,jpeg,jpe,gif,png,bmp,tiff,tif,webp,avif,ico,heic,heif,heics,heifs,asf,asx,wmv,wmx,wm,avi,divx,mov,qt,mpeg,mpg,mpe,mp4,m4v,ogv,webm,mkv,3gp,3gpp,3g2,3gp2,txt,asc,c,cc,h,srt,csv,tsv,ics,rtx,css,vtt,mp3,m4a,m4b,aac,ra,ram,wav,x-wav,ogg,oga,flac,mid,midi,wma,wax,mka,rtf,pdf,class,tar,zip,gz,gzip,rar,7z,psd,xcf,doc,pot,pps,ppt,wri,xla,xls,xlt,xlw,mpp,docx,docm,dotx,dotm,xlsx,xlsm,xlsb,xltx,xltm,xlam,pptx,pptm,ppsx,ppsm,potx,potm,ppam,sldx,sldm,onetoc,onetoc2,onepkg,oxps,xps,odt,odp,ods,odg,odc,odb,odf,wp,wpd,key,numbers,pages,json\"\n\t\tdata-max-size=\"2147483648\"\n\t\tdata-max-file-number=\"1\"\n\t\tdata-post-max-size=\"2147483648\"\n\t\tdata-max-parallel-uploads=\"4\"\n\t\tdata-parallel-uploads=\"true\"\n\t\tdata-file-chunk-size=\"2097152\">\n\t<div class=\"dz-message\">\n\t\t<svg viewbox=\"0 0 1024 1024\" focusable=\"false\" data-icon=\"inbox\" width=\"50px\" height=\"50px\" fill=\"currentColor\" aria-hidden=\"true\">\n\t\t\t<path d=\"M885.2 446.3l-.2-.8-112.2-285.1c-5-16.1-19.9-27.2-36.8-27.2H281.2c-17 0-32.1 11.3-36.9 27.6L139.4 443l-.3.7-.2.8c-1.3 4.9-1.7 9.9-1 14.8-.1 1.6-.2 3.2-.2 4.8V830a60.9 60.9 0 0 0 60.8 60.8h627.2c33.5 0 60.8-27.3 60.9-60.8V464.1c0-1.3 0-2.6-.1-3.7.4-4.9 0-9.6-1.3-14.1zm-295.8-43l-.3 15.7c-.8 44.9-31.8 75.1-77.1 75.1-22.1 0-41.1-7.1-54.8-20.6S436 441.2 435.6 419l-.3-15.7H229.5L309 210h399.2l81.7 193.3H589.4zm-375 76.8h157.3c24.3 57.1 76 90.8 140.4 90.8 33.7 0 65-9.4 90.3-27.2 22.2-15.6 39.5-37.4 50.7-63.6h156.5V814H214.4V480.1z\"><\/path>\n\t\t<\/svg>\n\t\t<span class=\"modern-title\">Cliquez sur un fichier ou faites-le glisser dans cette zone pour le t\u00e9l\u00e9charger.<\/span>\n\n\t\t\t<\/div>\n<\/div>\n<input\n\t\ttype=\"text\"\n\t\tautocomplete=\"off\"\n\t\treadonly\n\t\tclass=\"dropzone-input\"\n\t\tstyle=\"position:absolute!important;clip:rect(0,0,0,0)!important;height:1px!important;width:1px!important;border:0!important;overflow:hidden!important;padding:0!important;margin:0!important;\"\n\t\tid=\"wpforms-1886-field_8\"\n\t\tname=\"wpforms_1886_8\" \t\tvalue=\"\">\n<\/div><div id=\"wpforms-1886-field_11-container\" class=\"wpforms-field wpforms-field-hidden\" data-field-id=\"11\"><input type=\"hidden\" id=\"wpforms-1886-field_11\" name=\"wpforms[fields][11]\" value=\"https:\/\/www.kunlonghardware.com\/fr\/wp-json\/wp\/v2\/pages\/1827\"><\/div><\/div><!-- .wpforms-field-container --><div class=\"wpforms-recaptcha-container wpforms-is-recaptcha wpforms-is-recaptcha-type-v3\" ><input type=\"hidden\" name=\"wpforms[recaptcha]\" value=\"\"><\/div><div class=\"wpforms-submit-container\" ><input type=\"hidden\" name=\"wpforms[id]\" value=\"1886\"><input type=\"hidden\" name=\"page_title\" value=\"\"><input type=\"hidden\" name=\"page_url\" value=\"https:\/\/www.kunlonghardware.com\/fr\/wp-json\/wp\/v2\/pages\/1827\"><button type=\"submit\" name=\"wpforms[submit]\" id=\"wpforms-submit-1886\" class=\"wpforms-submit\" data-alt-text=\"Sending...\" data-submit-text=\"Submit\" aria-live=\"assertive\" value=\"wpforms-submit\">Soumettre<\/button><img decoding=\"async\" src=\"https:\/\/www.kunlonghardware.com\/wp-content\/plugins\/wpforms\/assets\/images\/submit-spin.svg\" class=\"wpforms-submit-spinner\" style=\"display: none;\" width=\"26\" height=\"26\" alt=\"Chargement en cours\"><\/div><input type=\"hidden\" name=\"trp-form-language\" value=\"fr\"\/><\/form><\/div>  <!-- .wpforms-container -->\t\t\t\t<\/div>\n\t\t\t\t<\/div>\n\t\t\t\t<\/div>\n\t\t\t\t\t<\/div>\n\t\t\t\t<\/div>\n\t\t\t\t<\/div>","protected":false},"excerpt":{"rendered":"<p>Contactez-nous Accueil Besoin d'aide ? Nous sommes l\u00e0 pour vous aider ! Notre \u00e9quipe d'assistance est pr\u00eate \u00e0 vous aider \u00e0 r\u00e9pondre aux questions suivantes dans les plus brefs d\u00e9lais : Questions sur les produits et les solutions : Obtenez des informations d\u00e9taill\u00e9es sur les produits de quincaillerie industrielle KUNLONG. Support technique et assistance \u00e0 distance : Recevez des conseils d'experts pour vous aider \u00e0 r\u00e9soudre vos probl\u00e8mes d'application. Service et coop\u00e9ration commerciale : Apprenez [...]<\/p>","protected":false},"author":4,"featured_media":0,"parent":0,"menu_order":0,"comment_status":"closed","ping_status":"closed","template":"","meta":{"_seopress_robots_primary_cat":"","_seopress_titles_title":"Contact KUNLONG \u2013 Get in Touch","_seopress_titles_desc":"Reach out to KUNLONG\u2019s team for product information, custom solutions, or cooperation opportunities. We're here to support your needs.","_seopress_robots_index":"","footnotes":""},"class_list":["post-1827","page","type-page","status-publish","hentry"],"_links":{"self":[{"href":"https:\/\/www.kunlonghardware.com\/fr\/wp-json\/wp\/v2\/pages\/1827","targetHints":{"allow":["GET"]}}],"collection":[{"href":"https:\/\/www.kunlonghardware.com\/fr\/wp-json\/wp\/v2\/pages"}],"about":[{"href":"https:\/\/www.kunlonghardware.com\/fr\/wp-json\/wp\/v2\/types\/page"}],"author":[{"embeddable":true,"href":"https:\/\/www.kunlonghardware.com\/fr\/wp-json\/wp\/v2\/users\/4"}],"replies":[{"embeddable":true,"href":"https:\/\/www.kunlonghardware.com\/fr\/wp-json\/wp\/v2\/comments?post=1827"}],"version-history":[{"count":5,"href":"https:\/\/www.kunlonghardware.com\/fr\/wp-json\/wp\/v2\/pages\/1827\/revisions"}],"predecessor-version":[{"id":15066,"href":"https:\/\/www.kunlonghardware.com\/fr\/wp-json\/wp\/v2\/pages\/1827\/revisions\/15066"}],"wp:attachment":[{"href":"https:\/\/www.kunlonghardware.com\/fr\/wp-json\/wp\/v2\/media?parent=1827"}],"curies":[{"name":"wp","href":"https:\/\/api.w.org\/{rel}","templated":true}]}}