{"id":2520,"date":"2025-02-26T09:22:39","date_gmt":"2025-02-26T09:22:39","guid":{"rendered":"https:\/\/www.kunlonghardware.com\/?page_id=2520"},"modified":"2025-05-06T07:37:27","modified_gmt":"2025-05-06T07:37:27","slug":"projects","status":"publish","type":"page","link":"https:\/\/www.kunlonghardware.com\/fr\/projects\/","title":{"rendered":"Projets"},"content":{"rendered":"<div data-elementor-type=\"wp-page\" data-elementor-id=\"2520\" class=\"elementor elementor-2520\" data-elementor-settings=\"{&quot;element_pack_global_tooltip_width&quot;:{&quot;unit&quot;:&quot;px&quot;,&quot;size&quot;:&quot;&quot;,&quot;sizes&quot;:[]},&quot;element_pack_global_tooltip_width_tablet&quot;:{&quot;unit&quot;:&quot;px&quot;,&quot;size&quot;:&quot;&quot;,&quot;sizes&quot;:[]},&quot;element_pack_global_tooltip_width_mobile&quot;:{&quot;unit&quot;:&quot;px&quot;,&quot;size&quot;:&quot;&quot;,&quot;sizes&quot;:[]},&quot;element_pack_global_tooltip_padding&quot;:{&quot;unit&quot;:&quot;px&quot;,&quot;top&quot;:&quot;&quot;,&quot;right&quot;:&quot;&quot;,&quot;bottom&quot;:&quot;&quot;,&quot;left&quot;:&quot;&quot;,&quot;isLinked&quot;:true},&quot;element_pack_global_tooltip_padding_tablet&quot;:{&quot;unit&quot;:&quot;px&quot;,&quot;top&quot;:&quot;&quot;,&quot;right&quot;:&quot;&quot;,&quot;bottom&quot;:&quot;&quot;,&quot;left&quot;:&quot;&quot;,&quot;isLinked&quot;:true},&quot;element_pack_global_tooltip_padding_mobile&quot;:{&quot;unit&quot;:&quot;px&quot;,&quot;top&quot;:&quot;&quot;,&quot;right&quot;:&quot;&quot;,&quot;bottom&quot;:&quot;&quot;,&quot;left&quot;:&quot;&quot;,&quot;isLinked&quot;:true},&quot;element_pack_global_tooltip_border_radius&quot;:{&quot;unit&quot;:&quot;px&quot;,&quot;top&quot;:&quot;&quot;,&quot;right&quot;:&quot;&quot;,&quot;bottom&quot;:&quot;&quot;,&quot;left&quot;:&quot;&quot;,&quot;isLinked&quot;:true},&quot;element_pack_global_tooltip_border_radius_tablet&quot;:{&quot;unit&quot;:&quot;px&quot;,&quot;top&quot;:&quot;&quot;,&quot;right&quot;:&quot;&quot;,&quot;bottom&quot;:&quot;&quot;,&quot;left&quot;:&quot;&quot;,&quot;isLinked&quot;:true},&quot;element_pack_global_tooltip_border_radius_mobile&quot;:{&quot;unit&quot;:&quot;px&quot;,&quot;top&quot;:&quot;&quot;,&quot;right&quot;:&quot;&quot;,&quot;bottom&quot;:&quot;&quot;,&quot;left&quot;:&quot;&quot;,&quot;isLinked&quot;:true}}\" data-elementor-post-type=\"page\">\n\t\t\t\t<div class=\"elementor-element elementor-element-b2e7b51 e-flex e-con-boxed e-con e-parent\" data-id=\"b2e7b51\" data-element_type=\"container\" data-settings=\"{&quot;background_background&quot;:&quot;classic&quot;}\">\n\t\t\t\t\t<div class=\"e-con-inner\">\n\t\t\t\t<div class=\"elementor-element elementor-element-1f14a3d elementor-widget elementor-widget-heading\" data-id=\"1f14a3d\" data-element_type=\"widget\" data-widget_type=\"heading.default\">\n\t\t\t\t<div class=\"elementor-widget-container\">\n\t\t\t\t\t<h1 class=\"elementor-heading-title elementor-size-default\">Projets<\/h1>\t\t\t\t<\/div>\n\t\t\t\t<\/div>\n\t\t\t\t<div class=\"elementor-element elementor-element-9bfc666 elementor-widget elementor-widget-pp-breadcrumbs\" data-id=\"9bfc666\" data-element_type=\"widget\" data-settings=\"{&quot;breadcrumbs_type&quot;:&quot;powerpack&quot;}\" data-widget_type=\"pp-breadcrumbs.default\">\n\t\t\t\t<div class=\"elementor-widget-container\">\n\t\t\t\t\t<ul class=\"pp-breadcrumbs pp-breadcrumbs-powerpack\">\t\t<li class=\"pp-breadcrumbs-item pp-breadcrumbs-item-home\">\n\t\t\t<a class=\"pp-breadcrumbs-crumb pp-breadcrumbs-crumb-link pp-breadcrumbs-crumb-home\" href=\"https:\/\/www.kunlonghardware.com\/fr\" title=\"Accueil\">\n\t\t\t\t<span class=\"pp-breadcrumbs-text\">\n\t\t\t\t\t\t\t\t\t\t\t<span class=\"pp-icon\">\n\t\t\t\t\t\t\t<i aria-hidden=\"true\" class=\"fas fa-home\"><\/i>\t\t\t\t\t\t<\/span>\n\t\t\t\t\t\t\t\t\t\tAccueil\t\t\t\t<\/span>\n\t\t\t<\/a>\n\t\t<\/li>\n\t\t<li class=\"pp-breadcrumbs-separator\">\t\t\t\t<span class='pp-separator-icon pp-icon'>\n\t\t\t\t\t<i aria-hidden=\"true\" class=\"fas fa-angle-right\"><\/i>\t\t\t\t<\/span>\n\t\t\t\t<\/li><\/ul>\t\t\t\t<\/div>\n\t\t\t\t<\/div>\n\t\t\t\t\t<\/div>\n\t\t\t\t<\/div>\n\t\t<div class=\"elementor-element elementor-element-1367ebd e-flex e-con-boxed e-con e-parent\" data-id=\"1367ebd\" data-element_type=\"container\">\n\t\t\t\t\t<div class=\"e-con-inner\">\n\t\t\t\t<div class=\"elementor-element elementor-element-d4c76ba pp-equal-height-yes elementor-grid-3 elementor-grid-tablet-2 elementor-grid-mobile-1 pp-post-filters-align-left elementor-widget elementor-widget-pp-posts\" data-id=\"d4c76ba\" data-element_type=\"widget\" data-widget_type=\"pp-posts.card\">\n\t\t\t\t<div class=\"elementor-widget-container\">\n\t\t\t\t\t\t\t<div class=\"pp-post-filters-container\">\n\t\t\t\t\t\t<div class=\"pp-post-filters-wrap pp-post-filters-dropdown-no\">\n\t\t\t\t<ul class=\"pp-post-filters\">\n\t\t\t\t\t\t\t\t\t\t\t<li class=\"pp-post-filter pp-filter-current\" data-filter=\"*\" data-taxonomy=\"\">Tous<\/li>\n\t\t\t\t\t\t\t\t\t\t\t\t\t\t\t\t\t\t\t\t\t\t\t\t\t\t\t\t\t\t<li class=\"pp-post-filter\" data-filter=\".3c-semiconductor-equipment\" data-taxonomy=\".project_category\">\u00c9quipements 3C et semi-conducteurs<\/li>\n\t\t\t\t\t\t\t\t\t\t\t\t\t\t\t\t\t\t\t\t\t\t\t\t\t\t<li class=\"pp-post-filter\" data-filter=\".5g-technology\" data-taxonomy=\".project_category\">Technologie 5G<\/li>\n\t\t\t\t\t\t\t\t\t\t\t\t\t\t\t\t\t\t\t\t\t\t\t\t\t\t<li class=\"pp-post-filter\" data-filter=\".aviation-shipbuilding-railway-equipment\" data-taxonomy=\".project_category\">Aviation, construction navale et \u00e9quipement ferroviaire<\/li>\n\t\t\t\t\t\t\t\t\t\t\t\t\t\t\t\t\t\t\t\t\t\t\t\t\t\t<li class=\"pp-post-filter\" data-filter=\".battery-production-testing-equipment\" data-taxonomy=\".project_category\">\u00c9quipement de production et d'essai de batteries<\/li>\n\t\t\t\t\t\t\t\t\t\t\t\t\t\t\t\t\t\t\t\t\t\t\t\t\t\t<li class=\"pp-post-filter\" data-filter=\".biomedical-equipment\" data-taxonomy=\".project_category\">\u00c9quipement biom\u00e9dical<\/li>\n\t\t\t\t\t\t\t\t\t\t\t\t\t\t\t\t\t\t\t\t\t\t\t\t\t\t<li class=\"pp-post-filter\" data-filter=\".cold-storage-cold-chain\" data-taxonomy=\".project_category\">Entreposage frigorifique et cha\u00eene du froid<\/li>\n\t\t\t\t\t\t\t\t\t\t\t\t\t\t\t\t\t\t\t\t\t\t\t\t\t\t<li class=\"pp-post-filter\" data-filter=\".food-pharma-equipment\" data-taxonomy=\".project_category\">\u00c9quipements alimentaires et pharmaceutiques<\/li>\n\t\t\t\t\t\t\t\t\t\t\t\t\t\t\t\t\t\t\t\t\t\t\t\t\t\t<li class=\"pp-post-filter\" data-filter=\".general-equipment\" data-taxonomy=\".project_category\">\u00c9quipement g\u00e9n\u00e9ral<\/li>\n\t\t\t\t\t\t\t\t\t\t\t\t\t\t\t\t\t\t\t\t\t\t\t\t\t\t<li class=\"pp-post-filter\" data-filter=\".new-energy-environmental-equipment\" data-taxonomy=\".project_category\">\u00c9quipements pour les \u00e9nergies nouvelles et l'environnement<\/li>\n\t\t\t\t\t\t\t\t\t\t\t\t\t\t\t\t\t\t\t\t\t\t\t\t\t\t<li class=\"pp-post-filter\" data-filter=\".shielding-soundproofing-equipment\" data-taxonomy=\".project_category\">Mat\u00e9riel de blindage et d'insonorisation<\/li>\n\t\t\t\t\t\t\t\t\t\t\t\t\t\t\t\t\t\t\t\t\t\t\t\t\t\t<li class=\"pp-post-filter\" data-filter=\".shipbuilding-railway-equipment\" data-taxonomy=\".project_category\">Construction navale et \u00e9quipement ferroviaire<\/li>\n\t\t\t\t\t\t\t\t\t\t\t\t\t\t\t\t\t\t\t\t\t\t\t\t\t\t<li class=\"pp-post-filter\" data-filter=\".storage-equipment\" data-taxonomy=\".project_category\">Mat\u00e9riel de stockage<\/li>\n\t\t\t\t\t\t\t\t\t\t\t\t\t\t\t\t\t\t\t\t\t\t\t\t\t\t<li class=\"pp-post-filter\" data-filter=\".test-chambers-industrial-ovens\" data-taxonomy=\".project_category\">Chambres d'essais et fours industriels<\/li>\n\t\t\t\t\t\t\t\t\t\t\t<\/ul>\n\n\t\t\t\t\t\t\t<\/div>\n\t\t\t\t\t\t\t\t<\/div>\n\t\t\t\t<div class=\"pp-posts-container\">\n\t\t\t\n\t\t\t\t\t\t\t\t\t\t\n\t\t\t<div class=\"pp-posts pp-posts-skin-card elementor-grid pp-posts-grid\" data-query-type=\"custom\" data-layout=\"grid\" data-page=\"2520\" data-skin=\"card\">\n\t\t\t\t\t\t\t\t\t\t\t<div class=\"pp-post-wrap pp-grid-item-wrap elementor-grid-item post-2927 project type-project status-publish has-post-thumbnail hentry project_category-3c-semiconductor-equipment project_category-5g-technology project_category-battery-production-testing-equipment project_category-biomedical-equipment project_category-cold-storage-cold-chain project_category-food-pharma-equipment project_category-general-equipment project_category-new-energy-environmental-equipment project_category-shielding-soundproofing-equipment project_category-shipbuilding-railway-equipment project_category-storage-equipment project_category-test-chambers-industrial-ovens\">\n\t\t\t\t\t\t<div class=\"pp-post pp-grid-item\">\n\t\t\t\t\t\t<div class=\"pp-post-thumbnail\">\n\t\t\t<a class=\"pp-post-thumbnail-wrap\" href=\"https:\/\/www.kunlonghardware.com\/fr\/project\/project-003\/\" title=\"Projet 003\">\n\t\t\t\t<img alt=\"\" fetchpriority=\"high\" decoding=\"async\" width=\"800\" height=\"534\" src=\"https:\/\/www.kunlonghardware.com\/wp-content\/uploads\/2025\/02\/shutterstock_2366934943-1024x683.webp\" class=\"attachment-large size-large wp-image-1409\" srcset=\"https:\/\/www.kunlonghardware.com\/wp-content\/uploads\/2025\/02\/shutterstock_2366934943-1024x683.webp 1024w, https:\/\/www.kunlonghardware.com\/wp-content\/uploads\/2025\/02\/shutterstock_2366934943-300x200.webp 300w, https:\/\/www.kunlonghardware.com\/wp-content\/uploads\/2025\/02\/shutterstock_2366934943-768x512.webp 768w, https:\/\/www.kunlonghardware.com\/wp-content\/uploads\/2025\/02\/shutterstock_2366934943-1536x1024.webp 1536w, https:\/\/www.kunlonghardware.com\/wp-content\/uploads\/2025\/02\/shutterstock_2366934943-2048x1365.webp 2048w, https:\/\/www.kunlonghardware.com\/wp-content\/uploads\/2025\/02\/shutterstock_2366934943-600x400.webp 600w\" sizes=\"(max-width: 800px) 100vw, 800px\" \/>\t\t\t<\/a>\n\t\t<\/div>\n\t\t\n\t\t\t\t<div class=\"pp-post-content-wrap\">\n\t\t\t\t\t<div class=\"pp-post-content\">\n\t\t\t\t\t\t\t\t\t\t\t\t<h3 class=\"pp-post-title\">\n\t\t\t\t<a href=\"https:\/\/www.kunlonghardware.com\/fr\/project\/project-003\/\">Projet 003<\/a>\t\t\t<\/h3>\n\t\t\t\t\t\t\t<div class=\"pp-post-excerpt\">\n\t\t\t\t\t<\/div>\n\t\t\t\t\t\t\t\t\t<\/div>\n\t\t\t\t\t\t\t\t\t<\/div>\n\n\t\t\t\t\t\t\t\t\t\t<div class=\"pp-post-meta-wrap\">\n\t\t\t\t\t\t\t\t<div class=\"pp-post-meta\">\n\t\t\t\t\t\t\t\t\t<span class=\"pp-post-date\">\n\t\t\t\t\t\t<span class=\"pp-meta-text\">\n\t\t\t\t3 mars 2025\t\t\t<\/span>\n\t\t<\/span>\n\t\t<span class=\"pp-meta-separator\"><\/span>\n\t\t\t\t\t\t\t\t<\/div>\n\t\t\t<\/div>\n\t\t\t\t\t\t<\/div>\n\t\t\t\t\t<\/div>\n\t\t\t\t<div class=\"pp-post-wrap pp-grid-item-wrap elementor-grid-item post-2925 project type-project status-publish has-post-thumbnail hentry project_category-3c-semiconductor-equipment project_category-5g-technology project_category-aviation-shipbuilding-railway-equipment project_category-battery-production-testing-equipment project_category-biomedical-equipment project_category-cold-storage-cold-chain project_category-food-pharma-equipment project_category-general-equipment project_category-new-energy-environmental-equipment project_category-shielding-soundproofing-equipment project_category-storage-equipment project_category-test-chambers-industrial-ovens\">\n\t\t\t\t\t\t<div class=\"pp-post pp-grid-item\">\n\t\t\t\t\t\t<div class=\"pp-post-thumbnail\">\n\t\t\t<a class=\"pp-post-thumbnail-wrap\" href=\"https:\/\/www.kunlonghardware.com\/fr\/project\/project-002\/\" title=\"Projet 002\">\n\t\t\t\t<img alt=\"\" fetchpriority=\"high\" decoding=\"async\" width=\"800\" height=\"534\" src=\"https:\/\/www.kunlonghardware.com\/wp-content\/uploads\/2025\/02\/shutterstock_2366934943-1024x683.webp\" class=\"attachment-large size-large wp-image-1409\" srcset=\"https:\/\/www.kunlonghardware.com\/wp-content\/uploads\/2025\/02\/shutterstock_2366934943-1024x683.webp 1024w, https:\/\/www.kunlonghardware.com\/wp-content\/uploads\/2025\/02\/shutterstock_2366934943-300x200.webp 300w, https:\/\/www.kunlonghardware.com\/wp-content\/uploads\/2025\/02\/shutterstock_2366934943-768x512.webp 768w, https:\/\/www.kunlonghardware.com\/wp-content\/uploads\/2025\/02\/shutterstock_2366934943-1536x1024.webp 1536w, https:\/\/www.kunlonghardware.com\/wp-content\/uploads\/2025\/02\/shutterstock_2366934943-2048x1365.webp 2048w, https:\/\/www.kunlonghardware.com\/wp-content\/uploads\/2025\/02\/shutterstock_2366934943-600x400.webp 600w\" sizes=\"(max-width: 800px) 100vw, 800px\" \/>\t\t\t<\/a>\n\t\t<\/div>\n\t\t\n\t\t\t\t<div class=\"pp-post-content-wrap\">\n\t\t\t\t\t<div class=\"pp-post-content\">\n\t\t\t\t\t\t\t\t\t\t\t\t<h3 class=\"pp-post-title\">\n\t\t\t\t<a href=\"https:\/\/www.kunlonghardware.com\/fr\/project\/project-002\/\">Projet 002<\/a>\t\t\t<\/h3>\n\t\t\t\t\t\t\t<div class=\"pp-post-excerpt\">\n\t\t\t\t\t<\/div>\n\t\t\t\t\t\t\t\t\t<\/div>\n\t\t\t\t\t\t\t\t\t<\/div>\n\n\t\t\t\t\t\t\t\t\t\t<div class=\"pp-post-meta-wrap\">\n\t\t\t\t\t\t\t\t<div class=\"pp-post-meta\">\n\t\t\t\t\t\t\t\t\t<span class=\"pp-post-date\">\n\t\t\t\t\t\t<span class=\"pp-meta-text\">\n\t\t\t\t3 mars 2025\t\t\t<\/span>\n\t\t<\/span>\n\t\t<span class=\"pp-meta-separator\"><\/span>\n\t\t\t\t\t\t\t\t<\/div>\n\t\t\t<\/div>\n\t\t\t\t\t\t<\/div>\n\t\t\t\t\t<\/div>\n\t\t\t\t<div class=\"pp-post-wrap pp-grid-item-wrap elementor-grid-item post-2498 project type-project status-publish has-post-thumbnail hentry project_category-3c-semiconductor-equipment project_category-5g-technology project_category-aviation-shipbuilding-railway-equipment project_category-battery-production-testing-equipment project_category-biomedical-equipment project_category-cold-storage-cold-chain project_category-food-pharma-equipment project_category-general-equipment project_category-new-energy-environmental-equipment project_category-shielding-soundproofing-equipment project_category-storage-equipment project_category-test-chambers-industrial-ovens\">\n\t\t\t\t\t\t<div class=\"pp-post pp-grid-item\">\n\t\t\t\t\t\t<div class=\"pp-post-thumbnail\">\n\t\t\t<a class=\"pp-post-thumbnail-wrap\" href=\"https:\/\/www.kunlonghardware.com\/fr\/project\/project-001\/\" title=\"Projet 001\">\n\t\t\t\t<img alt=\"\" fetchpriority=\"high\" decoding=\"async\" width=\"800\" height=\"534\" src=\"https:\/\/www.kunlonghardware.com\/wp-content\/uploads\/2025\/02\/shutterstock_2366934943-1024x683.webp\" class=\"attachment-large size-large wp-image-1409\" srcset=\"https:\/\/www.kunlonghardware.com\/wp-content\/uploads\/2025\/02\/shutterstock_2366934943-1024x683.webp 1024w, https:\/\/www.kunlonghardware.com\/wp-content\/uploads\/2025\/02\/shutterstock_2366934943-300x200.webp 300w, https:\/\/www.kunlonghardware.com\/wp-content\/uploads\/2025\/02\/shutterstock_2366934943-768x512.webp 768w, https:\/\/www.kunlonghardware.com\/wp-content\/uploads\/2025\/02\/shutterstock_2366934943-1536x1024.webp 1536w, https:\/\/www.kunlonghardware.com\/wp-content\/uploads\/2025\/02\/shutterstock_2366934943-2048x1365.webp 2048w, https:\/\/www.kunlonghardware.com\/wp-content\/uploads\/2025\/02\/shutterstock_2366934943-600x400.webp 600w\" sizes=\"(max-width: 800px) 100vw, 800px\" \/>\t\t\t<\/a>\n\t\t<\/div>\n\t\t\n\t\t\t\t<div class=\"pp-post-content-wrap\">\n\t\t\t\t\t<div class=\"pp-post-content\">\n\t\t\t\t\t\t\t\t\t\t\t\t<h3 class=\"pp-post-title\">\n\t\t\t\t<a href=\"https:\/\/www.kunlonghardware.com\/fr\/project\/project-001\/\">Projet 001<\/a>\t\t\t<\/h3>\n\t\t\t\t\t\t\t<div class=\"pp-post-excerpt\">\n\t\t\t\t\t<\/div>\n\t\t\t\t\t\t\t\t\t<\/div>\n\t\t\t\t\t\t\t\t\t<\/div>\n\n\t\t\t\t\t\t\t\t\t\t<div class=\"pp-post-meta-wrap\">\n\t\t\t\t\t\t\t\t<div class=\"pp-post-meta\">\n\t\t\t\t\t\t\t\t\t<span class=\"pp-post-date\">\n\t\t\t\t\t\t<span class=\"pp-meta-text\">\n\t\t\t\t26 f\u00e9vrier 2025\t\t\t<\/span>\n\t\t<\/span>\n\t\t<span class=\"pp-meta-separator\"><\/span>\n\t\t\t\t\t\t\t\t<\/div>\n\t\t\t<\/div>\n\t\t\t\t\t\t<\/div>\n\t\t\t\t\t<\/div>\n\t\t\t\t\t\t\t\t\t<\/div>\n\t\t\t\n\t\t\t\n\t\t\t\n\t\t\t\n\t\t\t\t\t\t\t\t\t\t\t<div class=\"pp-posts-pagination-wrap pp-posts-pagination-bottom\">\n\t\t\t\t\t\t\t\t\t<\/div>\n\t\t\t\t\t\t\t\t\t<\/div>\n\n\t\t\n\t\t\t\t\t\t<\/div>\n\t\t\t\t<\/div>\n\t\t\t\t\t<\/div>\n\t\t\t\t<\/div>\n\t\t\t\t<\/div>","protected":false},"excerpt":{"rendered":"<p>Projets Accueil Tous \u00c9quipements 3C et semi-conducteurs Technologie 5G \u00c9quipements pour l'aviation, la construction navale et le chemin de fer \u00c9quipements pour la production et le test de batteries \u00c9quipements biom\u00e9dicaux \u00c9quipements pour le stockage et la cha\u00eene du froid \u00c9quipements pour l'alimentation et la pharmacie \u00c9quipements g\u00e9n\u00e9raux \u00c9quipements pour les nouvelles \u00e9nergies et l'environnement \u00c9quipements de blindage et d'insonorisation \u00c9quipements pour la construction navale et le chemin de fer \u00c9quipements de stockage Chambres d'essai et fours industriels Projet 003 mars [...]<\/p>","protected":false},"author":4,"featured_media":0,"parent":0,"menu_order":0,"comment_status":"closed","ping_status":"closed","template":"","meta":{"_seopress_robots_primary_cat":"","_seopress_titles_title":"Custom Hardware Projects & Case Studies | KUNLONG","_seopress_titles_desc":"Explore real-world projects showcasing KUNLONG\u2019s custom hardware solutions across industries like automation, logistics, and medical.","_seopress_robots_index":"","footnotes":""},"class_list":["post-2520","page","type-page","status-publish","hentry"],"_links":{"self":[{"href":"https:\/\/www.kunlonghardware.com\/fr\/wp-json\/wp\/v2\/pages\/2520","targetHints":{"allow":["GET"]}}],"collection":[{"href":"https:\/\/www.kunlonghardware.com\/fr\/wp-json\/wp\/v2\/pages"}],"about":[{"href":"https:\/\/www.kunlonghardware.com\/fr\/wp-json\/wp\/v2\/types\/page"}],"author":[{"embeddable":true,"href":"https:\/\/www.kunlonghardware.com\/fr\/wp-json\/wp\/v2\/users\/4"}],"replies":[{"embeddable":true,"href":"https:\/\/www.kunlonghardware.com\/fr\/wp-json\/wp\/v2\/comments?post=2520"}],"version-history":[{"count":1,"href":"https:\/\/www.kunlonghardware.com\/fr\/wp-json\/wp\/v2\/pages\/2520\/revisions"}],"predecessor-version":[{"id":6139,"href":"https:\/\/www.kunlonghardware.com\/fr\/wp-json\/wp\/v2\/pages\/2520\/revisions\/6139"}],"wp:attachment":[{"href":"https:\/\/www.kunlonghardware.com\/fr\/wp-json\/wp\/v2\/media?parent=2520"}],"curies":[{"name":"wp","href":"https:\/\/api.w.org\/{rel}","templated":true}]}}