{"id":2734,"date":"2025-02-28T02:35:39","date_gmt":"2025-02-28T02:35:39","guid":{"rendered":"https:\/\/www.kunlonghardware.com\/?page_id=2734"},"modified":"2025-06-20T06:57:36","modified_gmt":"2025-06-20T06:57:36","slug":"our-technical-experts","status":"publish","type":"page","link":"https:\/\/www.kunlonghardware.com\/fr\/our-technical-experts\/","title":{"rendered":"Nos experts techniques"},"content":{"rendered":"<div data-elementor-type=\"wp-page\" data-elementor-id=\"2734\" class=\"elementor elementor-2734\" data-elementor-settings=\"{&quot;element_pack_global_tooltip_width&quot;:{&quot;unit&quot;:&quot;px&quot;,&quot;size&quot;:&quot;&quot;,&quot;sizes&quot;:[]},&quot;element_pack_global_tooltip_width_tablet&quot;:{&quot;unit&quot;:&quot;px&quot;,&quot;size&quot;:&quot;&quot;,&quot;sizes&quot;:[]},&quot;element_pack_global_tooltip_width_mobile&quot;:{&quot;unit&quot;:&quot;px&quot;,&quot;size&quot;:&quot;&quot;,&quot;sizes&quot;:[]},&quot;element_pack_global_tooltip_padding&quot;:{&quot;unit&quot;:&quot;px&quot;,&quot;top&quot;:&quot;&quot;,&quot;right&quot;:&quot;&quot;,&quot;bottom&quot;:&quot;&quot;,&quot;left&quot;:&quot;&quot;,&quot;isLinked&quot;:true},&quot;element_pack_global_tooltip_padding_tablet&quot;:{&quot;unit&quot;:&quot;px&quot;,&quot;top&quot;:&quot;&quot;,&quot;right&quot;:&quot;&quot;,&quot;bottom&quot;:&quot;&quot;,&quot;left&quot;:&quot;&quot;,&quot;isLinked&quot;:true},&quot;element_pack_global_tooltip_padding_mobile&quot;:{&quot;unit&quot;:&quot;px&quot;,&quot;top&quot;:&quot;&quot;,&quot;right&quot;:&quot;&quot;,&quot;bottom&quot;:&quot;&quot;,&quot;left&quot;:&quot;&quot;,&quot;isLinked&quot;:true},&quot;element_pack_global_tooltip_border_radius&quot;:{&quot;unit&quot;:&quot;px&quot;,&quot;top&quot;:&quot;&quot;,&quot;right&quot;:&quot;&quot;,&quot;bottom&quot;:&quot;&quot;,&quot;left&quot;:&quot;&quot;,&quot;isLinked&quot;:true},&quot;element_pack_global_tooltip_border_radius_tablet&quot;:{&quot;unit&quot;:&quot;px&quot;,&quot;top&quot;:&quot;&quot;,&quot;right&quot;:&quot;&quot;,&quot;bottom&quot;:&quot;&quot;,&quot;left&quot;:&quot;&quot;,&quot;isLinked&quot;:true},&quot;element_pack_global_tooltip_border_radius_mobile&quot;:{&quot;unit&quot;:&quot;px&quot;,&quot;top&quot;:&quot;&quot;,&quot;right&quot;:&quot;&quot;,&quot;bottom&quot;:&quot;&quot;,&quot;left&quot;:&quot;&quot;,&quot;isLinked&quot;:true}}\" data-elementor-post-type=\"page\">\n\t\t\t\t<div class=\"elementor-element elementor-element-3b6daa5 e-flex e-con-boxed e-con e-parent\" data-id=\"3b6daa5\" data-element_type=\"container\" data-settings=\"{&quot;background_background&quot;:&quot;classic&quot;}\">\n\t\t\t\t\t<div class=\"e-con-inner\">\n\t\t<div class=\"elementor-element elementor-element-3cc80b5 e-con-full e-flex e-con e-child\" data-id=\"3cc80b5\" data-element_type=\"container\" data-settings=\"{&quot;background_background&quot;:&quot;classic&quot;}\">\n\t\t\t\t<div class=\"elementor-element elementor-element-1447462 elementor-widget-divider--view-line elementor-widget elementor-widget-divider\" data-id=\"1447462\" data-element_type=\"widget\" data-widget_type=\"divider.default\">\n\t\t\t\t<div class=\"elementor-widget-container\">\n\t\t\t\t\t\t\t<div class=\"elementor-divider\">\n\t\t\t<span class=\"elementor-divider-separator\">\n\t\t\t\t\t\t<\/span>\n\t\t<\/div>\n\t\t\t\t\t\t<\/div>\n\t\t\t\t<\/div>\n\t\t\t\t<div class=\"elementor-element elementor-element-8d29674 elementor-widget elementor-widget-pp-breadcrumbs\" data-id=\"8d29674\" data-element_type=\"widget\" data-settings=\"{&quot;breadcrumbs_type&quot;:&quot;powerpack&quot;}\" data-widget_type=\"pp-breadcrumbs.default\">\n\t\t\t\t<div class=\"elementor-widget-container\">\n\t\t\t\t\t<ul class=\"pp-breadcrumbs pp-breadcrumbs-powerpack\">\t\t<li class=\"pp-breadcrumbs-item pp-breadcrumbs-item-home\">\n\t\t\t<a class=\"pp-breadcrumbs-crumb pp-breadcrumbs-crumb-link pp-breadcrumbs-crumb-home\" href=\"https:\/\/www.kunlonghardware.com\/fr\" title=\"Accueil\">\n\t\t\t\t<span class=\"pp-breadcrumbs-text\">\n\t\t\t\t\t\t\t\t\t\t\t<span class=\"pp-icon\">\n\t\t\t\t\t\t\t<i aria-hidden=\"true\" class=\"fas fa-home\"><\/i>\t\t\t\t\t\t<\/span>\n\t\t\t\t\t\t\t\t\t\tAccueil\t\t\t\t<\/span>\n\t\t\t<\/a>\n\t\t<\/li>\n\t\t<li class=\"pp-breadcrumbs-separator\">\t\t\t\t<span class='pp-separator-icon pp-icon'>\n\t\t\t\t\t<i aria-hidden=\"true\" class=\"fas fa-angle-right\"><\/i>\t\t\t\t<\/span>\n\t\t\t\t<\/li><\/ul>\t\t\t\t<\/div>\n\t\t\t\t<\/div>\n\t\t\t\t<div class=\"elementor-element elementor-element-f5f23fb elementor-widget elementor-widget-heading\" data-id=\"f5f23fb\" data-element_type=\"widget\" data-widget_type=\"heading.default\">\n\t\t\t\t<div class=\"elementor-widget-container\">\n\t\t\t\t\t<h1 class=\"elementor-heading-title elementor-size-default\">Nos experts techniques<\/h1>\t\t\t\t<\/div>\n\t\t\t\t<\/div>\n\t\t\t\t<div class=\"elementor-element elementor-element-c2cd524 elementor-widget__width-initial elementor-widget elementor-widget-text-editor\" data-id=\"c2cd524\" data-element_type=\"widget\" data-widget_type=\"text-editor.default\">\n\t\t\t\t<div class=\"elementor-widget-container\">\n\t\t\t\t\t\t\t\t\t<div data-page-id=\"GQ8cd9J1Qo0vuHxIzEfcYRZlnod\" data-lark-html-role=\"root\" data-docx-has-block-data=\"false\"><div class=\"ace-line ace-line old-record-id-Tf9idFrx4oPOrRx10PhcIktrn2g\"><div data-page-id=\"KPSSdzWqBoRS2CxgHS3c3Grvnjg\" data-lark-html-role=\"root\" data-docx-has-block-data=\"false\"><div class=\"ace-line ace-line old-record-id-CBdXdKY2HoWur1xt39VcdBljnUb\">Nos experts techniques constituent la force principale et l'atout pr\u00e9cieux de notre innovation continue. Ils ont de nombreuses ann\u00e9es d'exp\u00e9rience et sont passionn\u00e9s par la r\u00e9solution de probl\u00e8mes. Ils se consacrent \u00e0 l'optimisation des performances du mat\u00e9riel structurel et garantissent les normes de qualit\u00e9 les plus \u00e9lev\u00e9es.<\/div><\/div><\/div><\/div>\t\t\t\t\t\t\t\t<\/div>\n\t\t\t\t<\/div>\n\t\t\t\t<div class=\"elementor-element elementor-element-8630756 elementor-align-left elementor-widget elementor-widget-bdt-advanced-button\" data-id=\"8630756\" data-element_type=\"widget\" data-widget_type=\"bdt-advanced-button.default\">\n\t\t\t\t<div class=\"elementor-widget-container\">\n\t\t\t\t\t\t\t<div class=\"bdt-ep-button-wrapper\">\n\t\t\t<a href=\"#elementor-action%3Aaction%3Dpopup%3Aopen%26settings%3DeyJpZCI6IjIyMDYiLCJ0b2dnbGUiOmZhbHNlfQ%3D%3D\" class=\"bdt-ep-button bdt-ep-button-effect-e bdt-ep-button-size-md\">\n\t\t\t\t\t\t<div class=\"bdt-ep-button-content-wrapper bdt-flex bdt-flex-middle bdt-flex-center\" data-text=\"Connect with Experts \">\n\t\t\t\n\t\t\t<div class=\"bdt-ep-button-text\">\n\n\t\t\t\t<span class=\"avdbtn-text\">\n\t\t\t\t\tSe connecter avec des experts \t\t\t\t<\/span>\n\n\t\t\t\t\t\t\t<\/div>\n\n\t\t\t\n\t\t<\/div>\n\t\t\t\t\t<\/a>\n\t\t<\/div>\n\t\t\t\t\t\t<\/div>\n\t\t\t\t<\/div>\n\t\t\t\t<\/div>\n\t\t<div class=\"elementor-element elementor-element-d5bb0d2 e-con-full e-flex e-con e-child\" data-id=\"d5bb0d2\" data-element_type=\"container\" data-settings=\"{&quot;background_background&quot;:&quot;classic&quot;}\">\n\t\t<div class=\"elementor-element elementor-element-fbb981f e-con-full e-flex e-con e-child\" data-id=\"fbb981f\" data-element_type=\"container\" data-settings=\"{&quot;background_background&quot;:&quot;classic&quot;,&quot;position&quot;:&quot;absolute&quot;}\">\n\t\t\t\t<\/div>\n\t\t\t\t<div class=\"elementor-element elementor-element-1f80dce elementor-absolute elementor-hidden-mobile elementor-widget elementor-widget-image\" data-id=\"1f80dce\" data-element_type=\"widget\" data-settings=\"{&quot;_position&quot;:&quot;absolute&quot;}\" data-widget_type=\"image.default\">\n\t\t\t\t<div class=\"elementor-widget-container\">\n\t\t\t\t\t\t\t\t\t\t\t\t\t\t\t<img alt=\"\" fetchpriority=\"high\" decoding=\"async\" width=\"800\" height=\"511\" src=\"https:\/\/www.kunlonghardware.com\/wp-content\/uploads\/2025\/02\/banner-Our-Technical-Experts-08-1024x654.webp\" class=\"attachment-large size-large wp-image-2745\" srcset=\"https:\/\/www.kunlonghardware.com\/wp-content\/uploads\/2025\/02\/banner-Our-Technical-Experts-08-1024x654.webp 1024w, https:\/\/www.kunlonghardware.com\/wp-content\/uploads\/2025\/02\/banner-Our-Technical-Experts-08-300x192.webp 300w, https:\/\/www.kunlonghardware.com\/wp-content\/uploads\/2025\/02\/banner-Our-Technical-Experts-08-768x491.webp 768w, https:\/\/www.kunlonghardware.com\/wp-content\/uploads\/2025\/02\/banner-Our-Technical-Experts-08-600x383.webp 600w, https:\/\/www.kunlonghardware.com\/wp-content\/uploads\/2025\/02\/banner-Our-Technical-Experts-08.webp 1285w\" sizes=\"(max-width: 800px) 100vw, 800px\" \/>\t\t\t\t\t\t\t\t\t\t\t\t\t\t\t<\/div>\n\t\t\t\t<\/div>\n\t\t\t\t<\/div>\n\t\t\t\t\t<\/div>\n\t\t\t\t<\/div>\n\t\t<div class=\"elementor-element elementor-element-ce39ded e-flex e-con-boxed e-con e-parent\" data-id=\"ce39ded\" data-element_type=\"container\">\n\t\t\t\t\t<div class=\"e-con-inner\">\n\t\t<div class=\"elementor-element elementor-element-79066ea e-con-full e-flex e-con e-child\" data-id=\"79066ea\" data-element_type=\"container\">\n\t\t\t\t<div class=\"elementor-element elementor-element-371cb30 elementor-widget elementor-widget-heading\" data-id=\"371cb30\" data-element_type=\"widget\" data-widget_type=\"heading.default\">\n\t\t\t\t<div class=\"elementor-widget-container\">\n\t\t\t\t\t<h2 class=\"elementor-heading-title elementor-size-default\"><span class=\"ez-toc-section\" id=\"i\"><\/span>Une expertise sur laquelle vous pouvez compter<span class=\"ez-toc-section-end\"><\/span><\/h2>\t\t\t\t<\/div>\n\t\t\t\t<\/div>\n\t\t\t\t<div class=\"elementor-element elementor-element-f233677 elementor-widget__width-initial elementor-widget elementor-widget-text-editor\" data-id=\"f233677\" data-element_type=\"widget\" data-widget_type=\"text-editor.default\">\n\t\t\t\t<div class=\"elementor-widget-container\">\n\t\t\t\t\t\t\t\t\t<div data-page-id=\"UQUJdJ7OhoBJ61xZ22ZcLa1fnne\" data-lark-html-role=\"root\" data-docx-has-block-data=\"false\"><div class=\"ace-line ace-line old-record-id-QMIYdODh4ojHlhx09dncfLQuncb\"><div data-page-id=\"KPSSdzWqBoRS2CxgHS3c3Grvnjg\" data-lark-html-role=\"root\" data-docx-has-block-data=\"false\"><div class=\"ace-line ace-line old-record-id-FGYmdVYaQo2Q60x2hLoc8gPanwd\">Chez Kunlong, nous disposons d'une \u00e9quipe technique et d'ing\u00e9nierie de 30 personnes ayant une formation professionnelle dans les domaines des mat\u00e9riaux, des machines et de l'ing\u00e9nierie, et ayant plus de 10 ans d'exp\u00e9rience dans l'industrie. Notre solide exp\u00e9rience professionnelle nous donne la capacit\u00e9 et la confiance n\u00e9cessaires pour devenir un partenaire fiable en mati\u00e8re de quincaillerie structurelle pour nos clients, en leur fournissant un soutien solide et une dur\u00e9e de vie plus longue pour leurs \u00e9quipements cl\u00e9s.<\/div><\/div><\/div><\/div>\t\t\t\t\t\t\t\t<\/div>\n\t\t\t\t<\/div>\n\t\t\t\t<\/div>\n\t\t<div class=\"elementor-element elementor-element-93a0608 e-con-full e-flex e-con e-child\" data-id=\"93a0608\" data-element_type=\"container\" data-settings=\"{&quot;background_background&quot;:&quot;classic&quot;}\">\n\t\t\t\t<\/div>\n\t\t\t\t\t<\/div>\n\t\t\t\t<\/div>\n\t\t<div class=\"elementor-element elementor-element-9b9f26e e-flex e-con-boxed e-con e-parent\" data-id=\"9b9f26e\" data-element_type=\"container\">\n\t\t\t\t\t<div class=\"e-con-inner\">\n\t\t<div class=\"elementor-element elementor-element-573dff0 e-con-full e-flex e-con e-child\" data-id=\"573dff0\" data-element_type=\"container\">\n\t\t\t\t<div class=\"elementor-element elementor-element-776d037 elementor-widget elementor-widget-heading\" data-id=\"776d037\" data-element_type=\"widget\" data-widget_type=\"heading.default\">\n\t\t\t\t<div class=\"elementor-widget-container\">\n\t\t\t\t\t<h2 class=\"elementor-heading-title elementor-size-default\"><span class=\"ez-toc-section\" id=\"i-2\"><\/span>D\u00e9couvrir les prochaines possibilit\u00e9s d'innovation<span class=\"ez-toc-section-end\"><\/span><\/h2>\t\t\t\t<\/div>\n\t\t\t\t<\/div>\n\t\t\t\t<div class=\"elementor-element elementor-element-1ac5a87 elementor-widget__width-initial elementor-widget elementor-widget-text-editor\" data-id=\"1ac5a87\" data-element_type=\"widget\" data-widget_type=\"text-editor.default\">\n\t\t\t\t<div class=\"elementor-widget-container\">\n\t\t\t\t\t\t\t\t\t<div data-page-id=\"KPSSdzWqBoRS2CxgHS3c3Grvnjg\" data-lark-html-role=\"root\" data-docx-has-block-data=\"false\"><div class=\"ace-line ace-line old-record-id-EDvfdZPFNoMWiMxeEJWcYHbOnle\">Au c\u0153ur de notre innovation, nous nous engageons \u00e0 <strong>\"Faire ce que les clients pensent et anticiper ce \u00e0 quoi ils n'ont pas encore pens\u00e9\".<\/strong> Il est important d'\u00e9tablir des relations solides avec les clients, car cela nous aide \u00e0 comprendre leurs besoins actuels et futurs en mati\u00e8re d'\u00e9quipement. Nos ing\u00e9nieurs et techniciens continuent d'apprendre les technologies de pointe de l'industrie, ce qui leur permet d'\u00e9largir leurs comp\u00e9tences et leurs connaissances. En tant que soutien fiable, nos \u00e9quipes de production et de qualit\u00e9 veillent \u00e0 ce que chaque produit r\u00e9ponde aux normes de conception.<\/div><\/div>\t\t\t\t\t\t\t\t<\/div>\n\t\t\t\t<\/div>\n\t\t\t\t<\/div>\n\t\t<div class=\"elementor-element elementor-element-7ea6642 e-con-full e-flex e-con e-child\" data-id=\"7ea6642\" data-element_type=\"container\" data-settings=\"{&quot;background_background&quot;:&quot;classic&quot;}\">\n\t\t<div class=\"elementor-element elementor-element-297f671 e-con-full e-flex e-con e-child\" data-id=\"297f671\" data-element_type=\"container\" data-settings=\"{&quot;background_background&quot;:&quot;classic&quot;}\">\n\t\t\t\t<\/div>\n\t\t<div class=\"elementor-element elementor-element-49790cd e-con-full e-flex e-con e-child\" data-id=\"49790cd\" data-element_type=\"container\" data-settings=\"{&quot;background_background&quot;:&quot;classic&quot;}\">\n\t\t\t\t<\/div>\n\t\t\t\t<\/div>\n\t\t\t\t\t<\/div>\n\t\t\t\t<\/div>\n\t\t<div class=\"elementor-element elementor-element-c2e37e5 e-flex e-con-boxed e-con e-parent\" data-id=\"c2e37e5\" data-element_type=\"container\">\n\t\t\t\t\t<div class=\"e-con-inner\">\n\t\t<div class=\"elementor-element elementor-element-f280dc4 e-con-full e-flex e-con e-child\" data-id=\"f280dc4\" data-element_type=\"container\">\n\t\t\t\t<div class=\"elementor-element elementor-element-75627e8 elementor-widget elementor-widget-heading\" data-id=\"75627e8\" data-element_type=\"widget\" data-widget_type=\"heading.default\">\n\t\t\t\t<div class=\"elementor-widget-container\">\n\t\t\t\t\t<h2 class=\"elementor-heading-title elementor-size-default\"><span class=\"ez-toc-section\" id=\"i-3\"><\/span>Collaborer pour r\u00e9ussir<span class=\"ez-toc-section-end\"><\/span><\/h2>\t\t\t\t<\/div>\n\t\t\t\t<\/div>\n\t\t\t\t<div class=\"elementor-element elementor-element-ed2796d elementor-widget__width-initial elementor-widget elementor-widget-text-editor\" data-id=\"ed2796d\" data-element_type=\"widget\" data-widget_type=\"text-editor.default\">\n\t\t\t\t<div class=\"elementor-widget-container\">\n\t\t\t\t\t\t\t\t\t<div data-page-id=\"UQUJdJ7OhoBJ61xZ22ZcLa1fnne\" data-lark-html-role=\"root\" data-docx-has-block-data=\"false\"><div class=\"ace-line ace-line old-record-id-QMIYdODh4ojHlhx09dncfLQuncb\"><div data-page-id=\"KPSSdzWqBoRS2CxgHS3c3Grvnjg\" data-lark-html-role=\"root\" data-docx-has-block-data=\"false\"><div class=\"ace-line ace-line old-record-id-FGYmdVYaQo2Q60x2hLoc8gPanwd\"><div data-page-id=\"KPSSdzWqBoRS2CxgHS3c3Grvnjg\" data-lark-html-role=\"root\" data-docx-has-block-data=\"false\"><div class=\"ace-line ace-line old-record-id-TWkldkm1GoV5xsxQJm8cwpfTngK\">Nous pensons que la collaboration est la cl\u00e9 du succ\u00e8s. Nous sommes orient\u00e9s vers le client et, gr\u00e2ce \u00e0 notre expertise, nous transformons les d\u00e9fis techniques en opportunit\u00e9s d'innovation et d'am\u00e9lioration par le biais d'une communication continue et d'une compr\u00e9hension approfondie des besoins du client, favorisant ainsi un progr\u00e8s commun entre nous et nos clients.<\/div><\/div><\/div><\/div><\/div><\/div>\t\t\t\t\t\t\t\t<\/div>\n\t\t\t\t<\/div>\n\t\t\t\t<div class=\"elementor-element elementor-element-c308a9f elementor-align-left elementor-widget elementor-widget-bdt-advanced-button\" data-id=\"c308a9f\" data-element_type=\"widget\" data-widget_type=\"bdt-advanced-button.default\">\n\t\t\t\t<div class=\"elementor-widget-container\">\n\t\t\t\t\t\t\t<div class=\"bdt-ep-button-wrapper\">\n\t\t\t<a href=\"#elementor-action%3Aaction%3Dpopup%3Aopen%26settings%3DeyJpZCI6IjIyMDYiLCJ0b2dnbGUiOmZhbHNlfQ%3D%3D\" class=\"bdt-ep-button bdt-ep-button-effect-e bdt-ep-button-size-md\">\n\t\t\t\t\t\t<div class=\"bdt-ep-button-content-wrapper bdt-flex bdt-flex-middle bdt-flex-center\" data-text=\"Meet Our Experts Today\">\n\t\t\t\n\t\t\t<div class=\"bdt-ep-button-text\">\n\n\t\t\t\t<span class=\"avdbtn-text\">\n\t\t\t\t\tRencontrez nos experts d\u00e8s aujourd'hui\t\t\t\t<\/span>\n\n\t\t\t\t\t\t\t<\/div>\n\n\t\t\t\n\t\t<\/div>\n\t\t\t\t\t<\/a>\n\t\t<\/div>\n\t\t\t\t\t\t<\/div>\n\t\t\t\t<\/div>\n\t\t\t\t<\/div>\n\t\t<div class=\"elementor-element elementor-element-a30bb47 e-con-full e-flex e-con e-child\" data-id=\"a30bb47\" data-element_type=\"container\" data-settings=\"{&quot;background_background&quot;:&quot;classic&quot;}\">\n\t\t\t\t<\/div>\n\t\t\t\t\t<\/div>\n\t\t\t\t<\/div>\n\t\t\t\t<\/div>","protected":false},"excerpt":{"rendered":"<p>Accueil Nos experts techniques Nos experts techniques sont la force principale et l'atout pr\u00e9cieux de notre innovation continue. Ils ont de nombreuses ann\u00e9es d'exp\u00e9rience et sont passionn\u00e9s par la r\u00e9solution de probl\u00e8mes. Ils se consacrent \u00e0 l'optimisation des performances du mat\u00e9riel structurel et garantissent les normes de qualit\u00e9 les plus \u00e9lev\u00e9es. Se connecter avec des experts Une expertise sur laquelle vous pouvez compter Chez Kunlong, nous avons [...]<\/p>","protected":false},"author":4,"featured_media":0,"parent":0,"menu_order":0,"comment_status":"closed","ping_status":"closed","template":"","meta":{"_seopress_robots_primary_cat":"","_seopress_titles_title":"Meet KUNLONG\u2019s Technical Experts & Engineers","_seopress_titles_desc":"Our expert team combines industry experience with innovation to deliver top-quality hardware solutions. Learn more about our engineering strength.","_seopress_robots_index":"","footnotes":""},"class_list":["post-2734","page","type-page","status-publish","hentry"],"_links":{"self":[{"href":"https:\/\/www.kunlonghardware.com\/fr\/wp-json\/wp\/v2\/pages\/2734","targetHints":{"allow":["GET"]}}],"collection":[{"href":"https:\/\/www.kunlonghardware.com\/fr\/wp-json\/wp\/v2\/pages"}],"about":[{"href":"https:\/\/www.kunlonghardware.com\/fr\/wp-json\/wp\/v2\/types\/page"}],"author":[{"embeddable":true,"href":"https:\/\/www.kunlonghardware.com\/fr\/wp-json\/wp\/v2\/users\/4"}],"replies":[{"embeddable":true,"href":"https:\/\/www.kunlonghardware.com\/fr\/wp-json\/wp\/v2\/comments?post=2734"}],"version-history":[{"count":5,"href":"https:\/\/www.kunlonghardware.com\/fr\/wp-json\/wp\/v2\/pages\/2734\/revisions"}],"predecessor-version":[{"id":7845,"href":"https:\/\/www.kunlonghardware.com\/fr\/wp-json\/wp\/v2\/pages\/2734\/revisions\/7845"}],"wp:attachment":[{"href":"https:\/\/www.kunlonghardware.com\/fr\/wp-json\/wp\/v2\/media?parent=2734"}],"curies":[{"name":"wp","href":"https:\/\/api.w.org\/{rel}","templated":true}]}}